{"id":99,"date":"2025-10-07T15:39:55","date_gmt":"2025-10-07T12:39:55","guid":{"rendered":"https:\/\/www.keijomammi.com\/tietoa\/"},"modified":"2026-04-22T19:46:34","modified_gmt":"2026-04-22T16:46:34","slug":"tietoa","status":"publish","type":"page","link":"https:\/\/www.keijomammi.com\/fi\/tietoa\/","title":{"rendered":"Tietoja"},"content":{"rendered":"<style>.kb-row-layout-id99_c35405-10 > .kt-row-column-wrap{align-content:start;}:where(.kb-row-layout-id99_c35405-10 > .kt-row-column-wrap) > .wp-block-kadence-column{justify-content:start;}.kb-row-layout-id99_c35405-10 > .kt-row-column-wrap{column-gap:var(--global-kb-gap-md, 2rem);row-gap:var(--global-kb-gap-md, 2rem);max-width:var( --global-content-width, 1290px );padding-left:var(--global-content-edge-padding);padding-right:var(--global-content-edge-padding);padding-top:0px;padding-bottom:0px;min-height:250px;grid-template-columns:minmax(0, 1fr);}.kb-row-layout-id99_c35405-10 > .kt-row-layout-overlay{opacity:0.30;}.kb-row-layout-id99_c35405-10 ,.kb-row-layout-id99_c35405-10 h1,.kb-row-layout-id99_c35405-10 h2,.kb-row-layout-id99_c35405-10 h3,.kb-row-layout-id99_c35405-10 h4,.kb-row-layout-id99_c35405-10 h5,.kb-row-layout-id99_c35405-10 h6{color:var(--global-palette9, #ffffff);}@media all and (max-width: 1024px){.kb-row-layout-id99_c35405-10 > .kt-row-column-wrap{grid-template-columns:minmax(0, 1fr);}}@media all and (max-width: 767px){.kb-row-layout-id99_c35405-10 > .kt-row-column-wrap{grid-template-columns:minmax(0, 1fr);}}<\/style><div class=\"kb-row-layout-wrap kb-row-layout-id99_c35405-10 alignnone has-theme-palette2-background-color kt-row-has-bg fullwidth-bg wp-block-kadence-rowlayout\"><div class=\"kt-row-column-wrap kt-has-1-columns kt-row-layout-equal kt-tab-layout-inherit kt-mobile-layout-row kt-row-valign-top kb-theme-content-width\">\n<style>.kadence-column99_e930f6-ba > .kt-inside-inner-col{display:flex;}.kadence-column99_e930f6-ba > .kt-inside-inner-col{padding-top:var(--global-kb-spacing-md, 2rem);padding-bottom:var(--global-kb-spacing-md, 2rem);}.kadence-column99_e930f6-ba > .kt-inside-inner-col,.kadence-column99_e930f6-ba > .kt-inside-inner-col:before{border-top-left-radius:0px;border-top-right-radius:0px;border-bottom-right-radius:0px;border-bottom-left-radius:0px;}.kadence-column99_e930f6-ba > .kt-inside-inner-col{column-gap:var(--global-kb-gap-sm, 1rem);}.kadence-column99_e930f6-ba > .kt-inside-inner-col{flex-direction:column;justify-content:flex-start;align-items:center;}.kadence-column99_e930f6-ba > .kt-inside-inner-col > .kb-image-is-ratio-size{align-self:stretch;}.kadence-column99_e930f6-ba > .kt-inside-inner-col > .wp-block-kadence-advancedgallery{align-self:stretch;}.kadence-column99_e930f6-ba > .kt-inside-inner-col > .aligncenter{width:100%;}.kt-row-column-wrap > .kadence-column99_e930f6-ba{align-self:flex-start;}.kt-inner-column-height-full:not(.kt-has-1-columns) > .wp-block-kadence-column.kadence-column99_e930f6-ba{align-self:auto;}.kt-inner-column-height-full:not(.kt-has-1-columns) > .wp-block-kadence-column.kadence-column99_e930f6-ba > .kt-inside-inner-col{flex-direction:column;justify-content:flex-start;}.kadence-column99_e930f6-ba > .kt-inside-inner-col:before{opacity:0.3;}.kadence-column99_e930f6-ba{text-align:center;}.kadence-column99_e930f6-ba{position:relative;}.kadence-column99_e930f6-ba, .kt-inside-inner-col > .kadence-column99_e930f6-ba:not(.specificity){margin-top:0px;margin-bottom:0px;}@media all and (max-width: 1024px){.kt-row-column-wrap > .kadence-column99_e930f6-ba{align-self:flex-start;}}@media all and (max-width: 1024px){.kt-inner-column-height-full:not(.kt-has-1-columns) > .wp-block-kadence-column.kadence-column99_e930f6-ba{align-self:auto;}}@media all and (max-width: 1024px){.kt-inner-column-height-full:not(.kt-has-1-columns) > .wp-block-kadence-column.kadence-column99_e930f6-ba > .kt-inside-inner-col{flex-direction:column;justify-content:flex-start;}}@media all and (max-width: 1024px){.kadence-column99_e930f6-ba > .kt-inside-inner-col{flex-direction:column;justify-content:flex-start;align-items:center;}}@media all and (max-width: 767px){.kt-row-column-wrap > .kadence-column99_e930f6-ba{align-self:flex-start;}.kt-inner-column-height-full:not(.kt-has-1-columns) > .wp-block-kadence-column.kadence-column99_e930f6-ba{align-self:auto;}.kt-inner-column-height-full:not(.kt-has-1-columns) > .wp-block-kadence-column.kadence-column99_e930f6-ba > .kt-inside-inner-col{flex-direction:column;justify-content:flex-start;}.kadence-column99_e930f6-ba > .kt-inside-inner-col{flex-direction:column;justify-content:flex-start;align-items:center;}}<\/style>\n<div class=\"wp-block-kadence-column kadence-column99_e930f6-ba kb-section-dir-vertical\"><div class=\"kt-inside-inner-col\"><style>.wp-block-kadence-advancedheading.kt-adv-heading99_27da9b-87, .wp-block-kadence-advancedheading.kt-adv-heading99_27da9b-87[data-kb-block=\"kb-adv-heading99_27da9b-87\"]{padding-top:0px;font-style:normal;}.wp-block-kadence-advancedheading.kt-adv-heading99_27da9b-87 mark.kt-highlight, .wp-block-kadence-advancedheading.kt-adv-heading99_27da9b-87[data-kb-block=\"kb-adv-heading99_27da9b-87\"] mark.kt-highlight{font-style:normal;color:#f76a0c;-webkit-box-decoration-break:clone;box-decoration-break:clone;padding-top:0px;padding-right:0px;padding-bottom:0px;padding-left:0px;}.wp-block-kadence-advancedheading.kt-adv-heading99_27da9b-87 img.kb-inline-image, .wp-block-kadence-advancedheading.kt-adv-heading99_27da9b-87[data-kb-block=\"kb-adv-heading99_27da9b-87\"] img.kb-inline-image{width:150px;vertical-align:baseline;}<\/style>\n<h1 class=\"kt-adv-heading99_27da9b-87 wp-block-kadence-advancedheading has-theme-palette-9-color has-text-color has-theme-palette-2-background-color has-background\" data-kb-block=\"kb-adv-heading99_27da9b-87\">#keijomammi<\/h1>\n\n\n<style>.wp-block-kadence-advancedheading.kt-adv-heading99_54b3d6-91, .wp-block-kadence-advancedheading.kt-adv-heading99_54b3d6-91[data-kb-block=\"kb-adv-heading99_54b3d6-91\"]{padding-top:0px;font-style:normal;}.wp-block-kadence-advancedheading.kt-adv-heading99_54b3d6-91 mark.kt-highlight, .wp-block-kadence-advancedheading.kt-adv-heading99_54b3d6-91[data-kb-block=\"kb-adv-heading99_54b3d6-91\"] mark.kt-highlight{font-style:normal;color:#f76a0c;-webkit-box-decoration-break:clone;box-decoration-break:clone;padding-top:0px;padding-right:0px;padding-bottom:0px;padding-left:0px;}.wp-block-kadence-advancedheading.kt-adv-heading99_54b3d6-91 img.kb-inline-image, .wp-block-kadence-advancedheading.kt-adv-heading99_54b3d6-91[data-kb-block=\"kb-adv-heading99_54b3d6-91\"] img.kb-inline-image{width:150px;vertical-align:baseline;}@media all and (max-width: 767px){.wp-block-kadence-advancedheading.kt-adv-heading99_54b3d6-91, .wp-block-kadence-advancedheading.kt-adv-heading99_54b3d6-91[data-kb-block=\"kb-adv-heading99_54b3d6-91\"]{padding-top:var(--global-kb-spacing-sm, 1.5rem);}}<\/style>\n<h3 class=\"kt-adv-heading99_54b3d6-91 wp-block-kadence-advancedheading has-theme-palette-9-color has-text-color has-theme-palette-2-background-color has-background\" data-kb-block=\"kb-adv-heading99_54b3d6-91\">Olen Keijo M\u00e4mmi. Autan yrityksi\u00e4 rakentamaan mittausarkkitehtuurin, joka tuottaa luotettavaa dataa ja tukee parempaa p\u00e4\u00e4t\u00f6ksentekoa<\/h3>\n<\/div><\/div>\n\n<\/div><\/div>\n\n<style>.kb-row-layout-id99_5f8230-19 > .kt-row-column-wrap{align-content:start;}:where(.kb-row-layout-id99_5f8230-19 > .kt-row-column-wrap) > .wp-block-kadence-column{justify-content:start;}.kb-row-layout-id99_5f8230-19 > .kt-row-column-wrap{column-gap:var(--global-kb-gap-md, 2rem);row-gap:var(--global-kb-gap-md, 2rem);padding-top:var(--global-kb-spacing-sm, 1.5rem);padding-bottom:var(--global-kb-spacing-sm, 1.5rem);grid-template-columns:minmax(0, 2fr) minmax(0, 1fr);}.kb-row-layout-id99_5f8230-19 > .kt-row-layout-overlay{opacity:0.30;}@media all and (max-width: 1024px){.kb-row-layout-id99_5f8230-19 > .kt-row-column-wrap{grid-template-columns:minmax(0, 2fr) minmax(0, 1fr);}}@media all and (max-width: 767px){.kb-row-layout-id99_5f8230-19 > .kt-row-column-wrap{grid-template-columns:minmax(0, 1fr);}}<\/style><div class=\"kb-row-layout-wrap kb-row-layout-id99_5f8230-19 alignnone wp-block-kadence-rowlayout\"><div class=\"kt-row-column-wrap kt-has-2-columns kt-row-layout-left-golden kt-tab-layout-inherit kt-mobile-layout-row kt-row-valign-top\">\n<style>.kadence-column99_36f59c-1e > .kt-inside-inner-col,.kadence-column99_36f59c-1e > .kt-inside-inner-col:before{border-top-left-radius:0px;border-top-right-radius:0px;border-bottom-right-radius:0px;border-bottom-left-radius:0px;}.kadence-column99_36f59c-1e > .kt-inside-inner-col{column-gap:var(--global-kb-gap-sm, 1rem);}.kadence-column99_36f59c-1e > .kt-inside-inner-col{flex-direction:column;}.kadence-column99_36f59c-1e > .kt-inside-inner-col > .aligncenter{width:100%;}.kadence-column99_36f59c-1e > .kt-inside-inner-col:before{opacity:0.3;}.kadence-column99_36f59c-1e{position:relative;}@media all and (max-width: 1024px){.kadence-column99_36f59c-1e > .kt-inside-inner-col{flex-direction:column;justify-content:center;}}@media all and (max-width: 767px){.kadence-column99_36f59c-1e > .kt-inside-inner-col{flex-direction:column;justify-content:center;}}<\/style>\n<div class=\"wp-block-kadence-column kadence-column99_36f59c-1e\"><div class=\"kt-inside-inner-col\">\n<h2 class=\"wp-block-heading\">Tietoja minusta<\/h2>\n\n\n\n<p>Olen <strong>Keijo M\u00e4mmi<\/strong>, yritt\u00e4j\u00e4 ja <strong>analytiikan asiantuntija<\/strong>. Toteutan mittausj\u00e4rjestelmi\u00e4, jotka tukevat todellista liiketoiminnan p\u00e4\u00e4t\u00f6ksentekoa. Ty\u00f6skentelen erityisesti <strong>Google Analytics 4<\/strong>:n (<strong>GA4<\/strong>), suostumustilan (<strong>Consent Mode v2<\/strong>), <strong>Google Tag Manager<\/strong>:in (<strong>GTM<\/strong>), <strong>Looker Studio<\/strong>:n parissa. T\u00e4m\u00e4 on kokonaisuus, jossa tiedon laatu ja tietosuoja asettaa rajoitteita ja ehtoja. Ty\u00f6ni alkaa tyypillisesti yhdest\u00e4 kysymyksest\u00e4: mik\u00e4 p\u00e4\u00e4t\u00f6s pit\u00e4\u00e4 tehd\u00e4 ja voiko data aidosti tukea sit\u00e4?<\/p>\n\n\n\n<p>Olen toiminut l\u00e4hes kolmen vuosikymmenen ajan yritt\u00e4j\u00e4n\u00e4 tai yhti\u00f6kumppanina. T\u00e4h\u00e4n ajanjaksoon ovat mahtuneet 2000-luvun alun IT-kupla, vuoden 2008 finanssikriisi ja jatkuva liiketoimintaymp\u00e4rist\u00f6n rakennemuutos. Tied\u00e4n k\u00e4yt\u00e4nn\u00f6ss\u00e4, mit\u00e4 tarkoittaa vastuu hallitustason p\u00e4\u00e4t\u00f6ksist\u00e4, myynnist\u00e4 ja henkil\u00f6st\u00f6st\u00e4 samalla kun on syv\u00e4ll\u00e4 kiinni teknologiassa ja j\u00e4rjestelmiss\u00e4.<\/p>\n\n\n\n<p>Koulutukseltani olen MBA (Master of Business Administration, International Business Development) sek\u00e4 tradenomi. Tutkinto on kuitenkin vain osa kokonaisuutta. K\u00e4yt\u00e4nn\u00f6n kokemukset ja vastuu sek\u00e4 todelliset tulokset ovat muokanneet ajatteluani laajasti.<\/p>\n\n\n\n<p>Rakennan verkkopalveluita ja analytiikkaratkaisuja, koska datan tulkinta on aina ollut keskeinen menetelm\u00e4ni liiketoiminnan ymm\u00e4rt\u00e4miseksi. Suunnittelen mittauskokonaisuuksia, jotka paljastavat rakenteellisia riskej\u00e4, selkeytt\u00e4v\u00e4t syy\u2013seuraussuhteita ja tukevat perusteltuja p\u00e4\u00e4t\u00f6ksi\u00e4. Toimintatapani on suora: yritt\u00e4j\u00e4lt\u00e4 yritt\u00e4j\u00e4lle ilman turhia v\u00e4lik\u00e4si\u00e4.<\/p>\n\n\n\n<p>T\u00e4m\u00e4 sivu on tarkoitettu teille, joilla analytiikka on jo k\u00e4yt\u00f6ss\u00e4, mutta luottamus sen kykyyn tukea p\u00e4\u00e4t\u00f6ksi\u00e4 on heikentynyt. Kun data n\u00e4ytt\u00e4\u00e4 oikealta mutta tuntuu ep\u00e4uskottavalta, ongelma ei yleens\u00e4 ole ty\u00f6kalujen m\u00e4\u00e4r\u00e4. Ongelma on siin\u00e4, miten mittaus on rakennettu ja miten sit\u00e4 tulkitaan.<\/p>\n\n\n\n<p><strong>Keijo M\u00e4mmi, analytiikan ja mittaamisen asiantuntija.<\/strong><\/p>\n<\/div><\/div>\n\n\n<style>.kadence-column99_baab4e-01 > .kt-inside-inner-col,.kadence-column99_baab4e-01 > .kt-inside-inner-col:before{border-top-left-radius:0px;border-top-right-radius:0px;border-bottom-right-radius:0px;border-bottom-left-radius:0px;}.kadence-column99_baab4e-01 > .kt-inside-inner-col{column-gap:var(--global-kb-gap-sm, 1rem);}.kadence-column99_baab4e-01 > .kt-inside-inner-col{flex-direction:column;}.kadence-column99_baab4e-01 > .kt-inside-inner-col > .aligncenter{width:100%;}.kadence-column99_baab4e-01 > .kt-inside-inner-col:before{opacity:0.3;}.kadence-column99_baab4e-01{position:relative;}@media all and (max-width: 1024px){.kadence-column99_baab4e-01 > .kt-inside-inner-col{flex-direction:column;justify-content:center;}}@media all and (max-width: 767px){.kadence-column99_baab4e-01 > .kt-inside-inner-col{flex-direction:column;justify-content:center;}}<\/style>\n<div class=\"wp-block-kadence-column kadence-column99_baab4e-01\"><div class=\"kt-inside-inner-col\">\n<figure class=\"wp-block-image size-full\" style=\"margin-top:var(--wp--preset--spacing--70);margin-bottom:var(--wp--preset--spacing--70)\"><img loading=\"lazy\" decoding=\"async\" width=\"400\" height=\"400\" src=\"https:\/\/www.keijomammi.com\/wp-content\/uploads\/2026\/02\/keijo_mammi.png\" alt=\"Keijo M\u00e4mmi, analytiikan ja mittaamisen asiantuntija.\" class=\"wp-image-603\" srcset=\"https:\/\/www.keijomammi.com\/wp-content\/uploads\/2026\/02\/keijo_mammi.png 400w, https:\/\/www.keijomammi.com\/wp-content\/uploads\/2026\/02\/keijo_mammi-300x300.png 300w, https:\/\/www.keijomammi.com\/wp-content\/uploads\/2026\/02\/keijo_mammi-150x150.png 150w\" sizes=\"auto, (max-width: 400px) 100vw, 400px\" \/><\/figure>\n<\/div><\/div>\n\n<\/div><\/div>\n\n<style>.kb-row-layout-id99_032ac3-8f > .kt-row-column-wrap{align-content:start;}:where(.kb-row-layout-id99_032ac3-8f > .kt-row-column-wrap) > .wp-block-kadence-column{justify-content:start;}.kb-row-layout-id99_032ac3-8f > .kt-row-column-wrap{column-gap:var(--global-kb-gap-md, 2rem);row-gap:var(--global-kb-gap-md, 2rem);padding-top:var(--global-kb-spacing-md, 2rem);padding-bottom:var(--global-kb-spacing-md, 2rem);grid-template-columns:minmax(0, 1fr);}.kb-row-layout-id99_032ac3-8f > .kt-row-layout-overlay{opacity:0.30;}@media all and (max-width: 1024px){.kb-row-layout-id99_032ac3-8f > .kt-row-column-wrap{grid-template-columns:minmax(0, 1fr);}}@media all and (max-width: 767px){.kb-row-layout-id99_032ac3-8f > .kt-row-column-wrap{grid-template-columns:minmax(0, 1fr);}}<\/style><div class=\"kb-row-layout-wrap kb-row-layout-id99_032ac3-8f alignnone wp-block-kadence-rowlayout\"><div class=\"kt-row-column-wrap kt-has-1-columns kt-row-layout-equal kt-tab-layout-inherit kt-mobile-layout-row kt-row-valign-top\">\n<style>.kadence-column99_3958dc-4d > .kt-inside-inner-col,.kadence-column99_3958dc-4d > .kt-inside-inner-col:before{border-top-left-radius:0px;border-top-right-radius:0px;border-bottom-right-radius:0px;border-bottom-left-radius:0px;}.kadence-column99_3958dc-4d > .kt-inside-inner-col{column-gap:var(--global-kb-gap-sm, 1rem);}.kadence-column99_3958dc-4d > .kt-inside-inner-col{flex-direction:column;}.kadence-column99_3958dc-4d > .kt-inside-inner-col > .aligncenter{width:100%;}.kadence-column99_3958dc-4d > .kt-inside-inner-col:before{opacity:0.3;}.kadence-column99_3958dc-4d{position:relative;}@media all and (max-width: 1024px){.kadence-column99_3958dc-4d > .kt-inside-inner-col{flex-direction:column;justify-content:center;}}@media all and (max-width: 767px){.kadence-column99_3958dc-4d > .kt-inside-inner-col{flex-direction:column;justify-content:center;}}<\/style>\n<div class=\"wp-block-kadence-column kadence-column99_3958dc-4d\"><div class=\"kt-inside-inner-col\">\n<h2 class=\"wp-block-heading\">Ajattelutapani on, ett\u00e4 data ilman strategiaa on riski<\/h2>\n\n\n\n<p>N\u00e4en liiketoiminnan strategisena j\u00e4rjestelm\u00e4n\u00e4. Menestys edellytt\u00e4\u00e4 s\u00e4\u00e4nt\u00f6jen ymm\u00e4rt\u00e4mist\u00e4, rajoitteiden tunnistamista ja resurssien j\u00e4rkev\u00e4\u00e4 kohdentamista. Digitaalisessa ymp\u00e4rist\u00f6ss\u00e4 mittaus on keino paljastaa rakenteelliset vahvuudet ja heikkoudet.<\/p>\n\n\n\n<p>Perinteinen analytiikka korostaa usein liikenteen kasvua ja yleisi\u00e4 mittareita. T\u00e4m\u00e4 voi peitt\u00e4\u00e4 todellisen suorituskyvyn tai heikon suoriutumisen ja luoda v\u00e4\u00e4r\u00e4n k\u00e4sityksen tilanteesta. Data ei selit\u00e4 itse\u00e4\u00e4n. Ilman strategista kehyst\u00e4 mittarit johtavat helposti harhaan. Raportteja tuotetaan, mutta niit\u00e4 ei hy\u00f6dynnet\u00e4, tai seurataan lukuja, joilla ei ole yhteytt\u00e4 liikevaihtoon tai kilpailukykyyn.<\/p>\n\n\n\n<p>Todellinen arvo syntyy tapahtumaketjujen ymm\u00e4rt\u00e4misest\u00e4, mittauksen logiikasta sek\u00e4 markkinoinnin, asiakkaiden k\u00e4ytt\u00e4ytymisen ja liiketoiminnan tulosten v\u00e4lisist\u00e4 suhteista. T\u00e4m\u00e4 yhteys on usein palapelin puuttuva osa.<\/p>\n\n\n\n<p>Ratkaiseva hetki tapahtuu, kun yritys tunnistaa, mitk\u00e4 mittarit todella kuvaavat sen liiketoimintaa. Kun mittaaminen liitet\u00e4\u00e4n suoraan tavoitteisiin, p\u00e4\u00e4t\u00f6kset perustuvat faktoihin oletuksien sijaan.<\/p>\n\n\n\n<h2 class=\"wp-block-heading\">Miten ty\u00f6skentelen<\/h2>\n\n\n\n<ul class=\"wp-block-list\">\n<li><strong>Liiketoiminta:<\/strong> Aloitan p\u00e4\u00e4t\u00f6ksest\u00e4 ja toteutan mittauksen sen ehdoilla. Keskityn tapahtumaketjuihin ja rakenteellisiin tekij\u00f6ihin, joilla on suora vaikutus tulokseen ja kannattavuuteen.<\/li>\n\n\n\n<li><strong>Tehokkuus:.<\/strong> Toteutan ratkaisut vakiintuneilla ty\u00f6kaluilla ja olemassa olevien j\u00e4rjestelmien avulla. Tavoitteena on selke ja toimiva kokonaisuus ilman turhaa monimutkaisuutta.<\/li>\n\n\n\n<li><strong>Kokonaiskuva<\/strong>: Arvioin tekniset valinnat liiketoimintariskin ja pitk\u00e4n aikav\u00e4lin tavoitteiden kautta. Ratkaisuiden on tuettava strategiaa my\u00f6s muuttuvassa ymp\u00e4rist\u00f6ss\u00e4.<\/li>\n\n\n\n<li><strong>Dokumentointi.<\/strong> Laadin toteutuksista selke\u00e4n ja yksinkertaisen dokumentaation, joka toimii pohjana jatkokehitykselle, auditoinneille ja vastuunsiirroille.<\/li>\n<\/ul>\n\n\n\n<p>Mik\u00e4li analytiikkasi pit\u00e4\u00e4 tukea oikeita p\u00e4\u00e4t\u00f6ksi\u00e4, <a href=\"https:\/\/www.keijomammi.com\/fi\/yhteystiedot\/\" title=\"ota yhteytt\u00e4\">ota yhteytt\u00e4<\/a>.<\/p>\n<\/div><\/div>\n\n<\/div><\/div>","protected":false},"excerpt":{"rendered":"<p>#keijomammi Olen Keijo M\u00e4mmi. Autan yrityksi\u00e4 rakentamaan mittausarkkitehtuurin, joka tuottaa luotettavaa dataa ja tukee parempaa p\u00e4\u00e4t\u00f6ksentekoa Tietoja minusta Olen Keijo M\u00e4mmi, yritt\u00e4j\u00e4 ja analytiikan asiantuntija. Toteutan mittausj\u00e4rjestelmi\u00e4, jotka tukevat todellista liiketoiminnan p\u00e4\u00e4t\u00f6ksentekoa. Ty\u00f6skentelen erityisesti Google Analytics 4:n (GA4), suostumustilan (Consent Mode v2), Google Tag Manager:in (GTM), Looker Studio:n parissa. T\u00e4m\u00e4 on kokonaisuus, jossa tiedon laatu&#8230;<\/p>\n","protected":false},"author":2,"featured_media":0,"parent":0,"menu_order":0,"comment_status":"closed","ping_status":"closed","template":"","meta":{"_acf_changed":false,"_relevanssi_hide_post":"","_relevanssi_hide_content":"","_relevanssi_pin_for_all":"","_relevanssi_pin_keywords":"","_relevanssi_unpin_keywords":"","_relevanssi_related_keywords":"","_relevanssi_related_include_ids":"","_relevanssi_related_exclude_ids":"","_relevanssi_related_no_append":"","_relevanssi_related_not_related":"","_relevanssi_related_posts":"412","_relevanssi_noindex_reason":"","_kad_blocks_custom_css":"","_kad_blocks_head_custom_js":"","_kad_blocks_body_custom_js":"","_kad_blocks_footer_custom_js":"","_kadence_starter_templates_imported_post":false,"_kad_post_transparent":"","_kad_post_title":"","_kad_post_layout":"","_kad_post_sidebar_id":"","_kad_post_content_style":"","_kad_post_vertical_padding":"","_kad_post_feature":"","_kad_post_feature_position":"","_kad_post_header":false,"_kad_post_footer":false,"_kad_post_classname":"","footnotes":""},"class_list":["post-99","page","type-page","status-publish","hentry"],"acf":[],"aioseo_notices":[],"taxonomy_info":[],"featured_image_src_large":false,"author_info":{"display_name":"Keijo M\u00e4mmi","author_link":"https:\/\/www.keijomammi.com\/fi\/author\/keijomammi\/"},"comment_info":0,"_links":{"self":[{"href":"https:\/\/www.keijomammi.com\/fi\/wp-json\/wp\/v2\/pages\/99","targetHints":{"allow":["GET"]}}],"collection":[{"href":"https:\/\/www.keijomammi.com\/fi\/wp-json\/wp\/v2\/pages"}],"about":[{"href":"https:\/\/www.keijomammi.com\/fi\/wp-json\/wp\/v2\/types\/page"}],"author":[{"embeddable":true,"href":"https:\/\/www.keijomammi.com\/fi\/wp-json\/wp\/v2\/users\/2"}],"replies":[{"embeddable":true,"href":"https:\/\/www.keijomammi.com\/fi\/wp-json\/wp\/v2\/comments?post=99"}],"version-history":[{"count":0,"href":"https:\/\/www.keijomammi.com\/fi\/wp-json\/wp\/v2\/pages\/99\/revisions"}],"wp:attachment":[{"href":"https:\/\/www.keijomammi.com\/fi\/wp-json\/wp\/v2\/media?parent=99"}],"curies":[{"name":"wp","href":"https:\/\/api.w.org\/{rel}","templated":true}]}}